{"id":2,"date":"2024-08-09T09:59:00","date_gmt":"2024-08-09T09:59:00","guid":{"rendered":"http:\/\/www.gokcehaliyikama.com.tr\/?page_id=2"},"modified":"2024-08-09T10:58:49","modified_gmt":"2024-08-09T10:58:49","slug":"sample-page","status":"publish","type":"page","link":"https:\/\/www.gokcehaliyikama.com.tr\/index.php\/sample-page\/","title":{"rendered":"Sample Page"},"content":{"rendered":"<div data-colibri-id=\"2-c1\" class=\"style-240 style-local-2-c1 position-relative\">\n  <!---->\n  <div data-colibri-component=\"section\" data-colibri-id=\"2-c2\" id=\"about\" class=\"h-section h-section-global-spacing d-flex align-items-lg-center align-items-md-center align-items-center style-253 style-local-2-c2 position-relative\">\n    <!---->\n    <!---->\n    <div class=\"h-section-grid-container h-section-boxed-container\">\n      <!---->\n      <div data-colibri-id=\"2-c3\" class=\"h-row-container gutters-row-lg-2 gutters-row-md-2 gutters-row-2 gutters-row-v-lg-2 gutters-row-v-md-2 gutters-row-v-2 style-254 style-local-2-c3 position-relative\">\n        <!---->\n        <div class=\"h-row justify-content-lg-center justify-content-md-center justify-content-center align-items-lg-stretch align-items-md-stretch align-items-stretch gutters-col-lg-2 gutters-col-md-2 gutters-col-2 gutters-col-v-lg-2 gutters-col-v-md-2 gutters-col-v-2\">\n          <!---->\n          <div class=\"h-column h-column-container d-flex h-col-lg-auto h-col-md-auto h-col-auto style-255-outer style-local-2-c4-outer\">\n            <div data-colibri-id=\"2-c4\" class=\"d-flex h-flex-basis h-column__inner h-px-lg-2 h-px-md-2 h-px-2 v-inner-lg-2 v-inner-md-2 v-inner-2 style-255 style-local-2-c4 position-relative\">\n              <!---->\n              <!---->\n              <div class=\"w-100 h-y-container h-column__content h-column__v-align flex-basis-100 align-self-lg-center align-self-md-center align-self-center\">\n                <!---->\n                <div data-colibri-id=\"2-c5\" class=\"h-global-transition-all h-heading style-256 style-local-2-c5 position-relative h-element\">\n                  <!---->\n                  <div class=\"h-heading__outer style-256 style-local-2-c5\">\n                    <!---->\n                    <!---->\n                    <h5 class=\"\">HAKKIMIZDA<\/h5>\n                  <\/div>\n                <\/div>\n                <div data-colibri-id=\"2-c6\" class=\"h-lead h-text h-text-component style-258 style-local-2-c6 position-relative h-element\">\n                  <!---->\n                  <!---->\n                  <div class=\"\">\n                    <p><span style=\"font-size: 16px;\">&#8220;Her \u015fartta resmiyet&#8221; anlay\u0131\u015f\u0131n\u0131 benimsemi\u015f olan hal\u0131 y\u0131kama firmam\u0131z T\u00fcrkiye Cumhuriyeti devletinin &#8220;T\u00fcrk Ticaret Kanunu&#8217;nda&#8221; ge\u00e7en temizlik \u015firketleri ile ilgili t\u00fcm maddelerinde sa\u011flanmas\u0131 gereken \u015fartlar\u0131 haz\u0131r bulundurmaktad\u0131r. Bu kanunlara uyum sa\u011flamak hem i\u015fletmenin sa\u011fl\u0131\u011f\u0131 hem de hizmet verilen hanelerdeki vatanda\u015flar\u0131m\u0131z\u0131n sa\u011fl\u0131\u011f\u0131 a\u00e7\u0131s\u0131ndan \u00f6nemli kabul edilmektedir. Ailenizin ve sizin sa\u011fl\u0131\u011f\u0131n\u0131z i\u00e7in kay\u0131ts\u0131z ve &#8220;merdiven alt\u0131&#8221; olarak tabir edilen hal\u0131 y\u0131kama \u015firketlerine asla taviz vermeyiniz. Bu durumdan emin olabilmek i\u00e7in i\u015fletmemizden randevu olu\u015ftururken &#8220;Vergi levhan\u0131z\u0131 ve faaliyet belgenizi g\u00f6rmek istiyorum.&#8221; diyebilirsiniz. Adresinize geldi\u011fimizde bu belgeleri sizinle payla\u015f\u0131r\u0131z. Bu sayede e\u015fyalar\u0131n\u0131z\u0131 belge kar\u015f\u0131l\u0131\u011f\u0131 g\u00fcvenle teslim edebilirsiniz.<\/span><\/p>\n                    <p>\n                      <br>\n                    <\/p>\n                  <\/div>\n                <\/div>\n              <\/div>\n            <\/div>\n          <\/div>\n          <div class=\"h-column h-column-container d-flex h-col-lg-auto h-col-md-auto h-col-auto style-261-outer style-local-2-c7-outer\">\n            <div data-colibri-id=\"2-c7\" class=\"d-flex h-flex-basis h-column__inner h-px-lg-2 h-px-md-2 h-px-2 v-inner-lg-2 v-inner-md-2 v-inner-2 style-261 style-local-2-c7 position-relative\">\n              <!---->\n              <!---->\n              <div class=\"w-100 h-y-container h-column__content h-column__v-align flex-basis-100 align-self-lg-center align-self-md-center align-self-center\">\n                <!---->\n                <div data-colibri-id=\"2-c8\" class=\"d-block style-262 style-local-2-c8 position-relative h-element\">\n                  <!---->\n                  <div class=\"h-image__frame-container-outer\">\n                    <div class=\"h-image__frame-container\">\n                      <!---->\n                      <!---->\n                      <img loading=\"lazy\" decoding=\"async\" width=\"490\" height=\"550\" src=\"http:\/\/www.gokcehaliyikama.com.tr\/wp-content\/uploads\/2024\/08\/hali-yikama-38833883.jpg\" class=\"wp-image-135 style-262-image style-local-2-c8-image\" alt=\"\" srcset=\"https:\/\/www.gokcehaliyikama.com.tr\/wp-content\/uploads\/2024\/08\/hali-yikama-38833883.jpg 490w, https:\/\/www.gokcehaliyikama.com.tr\/wp-content\/uploads\/2024\/08\/hali-yikama-38833883-267x300.jpg 267w\" sizes=\"(max-width: 490px) 100vw, 490px\" \/>\n                      <div class=\"h-image__frame h-hide-sm style-262-frameImage style-local-2-c8-frameImage\"><\/div>\n                    <\/div>\n                  <\/div>\n                <\/div>\n              <\/div>\n            <\/div>\n          <\/div>\n        <\/div>\n      <\/div>\n    <\/div>\n  <\/div>\n  <div data-colibri-component=\"section\" data-colibri-id=\"2-c9\" id=\"features\" class=\"h-section h-section-global-spacing d-flex align-items-lg-center align-items-md-center align-items-center style-263 style-local-2-c9 position-relative\">\n    <!---->\n    <!---->\n    <div class=\"h-section-grid-container h-section-boxed-container\">\n      <div data-colibri-id=\"2-c23\" class=\"h-row-container gutters-row-lg-2 gutters-row-md-2 gutters-row-0 gutters-row-v-lg-2 gutters-row-v-md-2 gutters-row-v-2 style-268 style-local-2-c23 position-relative\">\n        <!---->\n        <div class=\"h-row justify-content-lg-center justify-content-md-center justify-content-center align-items-lg-stretch align-items-md-stretch align-items-stretch gutters-col-lg-2 gutters-col-md-2 gutters-col-0 gutters-col-v-lg-2 gutters-col-v-md-2 gutters-col-v-2\">\n          <!---->\n          <div class=\"h-column h-column-container d-flex h-col-lg-auto h-col-md-auto h-col-auto style-269-outer style-local-2-c24-outer\">\n            <div data-colibri-id=\"2-c24\" class=\"d-flex h-flex-basis h-column__inner h-px-lg-2 h-px-md-2 h-px-2 v-inner-lg-2 v-inner-md-2 v-inner-2 style-269 style-local-2-c24 position-relative\">\n              <!---->\n              <!---->\n              <div class=\"w-100 h-y-container h-column__content h-column__v-align flex-basis-100 align-self-lg-start align-self-md-start align-self-start\">\n                <!---->\n                <div data-colibri-id=\"2-c25\" class=\"h-global-transition-all h-heading style-270 style-local-2-c25 position-relative h-element\">\n                  <!---->\n                  <div class=\"h-heading__outer style-270 style-local-2-c25\">\n                    <!---->\n                    <!---->\n                    <h2 class=\"\">BU \u0130\u015eLERDE &#8220;1&#8221; NUMARAYIZ<\/h2>\n                  <\/div>\n                <\/div>\n              <\/div>\n            <\/div>\n          <\/div>\n        <\/div>\n      <\/div>\n      <div data-colibri-id=\"2-c10\" class=\"h-row-container gutters-row-lg-2 gutters-row-md-2 gutters-row-2 gutters-row-v-lg-2 gutters-row-v-md-2 gutters-row-v-2 style-264 style-local-2-c10 position-relative\">\n        <!---->\n        <div class=\"h-row justify-content-lg-center justify-content-md-center justify-content-center align-items-lg-stretch align-items-md-stretch align-items-stretch gutters-col-lg-2 gutters-col-md-2 gutters-col-2 gutters-col-v-lg-2 gutters-col-v-md-2 gutters-col-v-2\">\n          <!---->\n          <div class=\"h-column h-column-container d-flex h-col-lg-3 h-col-md-3 h-col-6 style-265-outer style-local-2-c11-outer\">\n            <div data-colibri-id=\"2-c11\" class=\"d-flex h-flex-basis h-column__inner h-px-lg-0 h-px-md-0 h-px-0 v-inner-lg-0 v-inner-md-0 v-inner-2 style-265 style-local-2-c11 position-relative\">\n              <!---->\n              <!---->\n              <div class=\"w-100 h-y-container h-column__content h-column__v-align flex-basis-100 align-self-lg-start align-self-md-start align-self-start\">\n                <!---->\n                <div data-colibri-id=\"2-c12\" class=\"h-icon style-266 style-local-2-c12 position-relative h-element\">\n                  <!----><span class=\"h-svg-icon h-icon__icon style-266-icon style-local-2-c12-icon\"><!--Icon by Font Awesome (https:\/\/fontawesome.com)-->\n    <svg version=\"1.1\" xmlns=\"http:\/\/www.w3.org\/2000\/svg\" xmlns:xlink=\"http:\/\/www.w3.org\/1999\/xlink\" id=\"align-justify\" viewBox=\"0 0 1792 1896.0833\">\n      <path d=\"M1792 1344v128q0 26-19 45t-45 19H64q-26 0-45-19t-19-45v-128q0-26 19-45t45-19h1664q26 0 45 19t19 45zm0-384v128q0 26-19 45t-45 19H64q-26 0-45-19t-19-45V960q0-26 19-45t45-19h1664q26 0 45 19t19 45zm0-384v128q0 26-19 45t-45 19H64q-26 0-45-19T0 704V576q0-26 19-45t45-19h1664q26 0 45 19t19 45zm0-384v128q0 26-19 45t-45 19H64q-26 0-45-19T0 320V192q0-26 19-45t45-19h1664q26 0 45 19t19 45z\"><\/path>\n    <\/svg><\/span><\/div>\n                <div data-colibri-id=\"2-c13\" class=\"h-global-transition-all h-heading style-267 style-local-2-c13 position-relative h-element\">\n                  <!---->\n                  <div class=\"h-heading__outer style-267 style-local-2-c13\">\n                    <!---->\n                    <!---->\n                    <h4 class=\"\">HALI YIKAMA<\/h4>\n                  <\/div>\n                <\/div>\n              <\/div>\n            <\/div>\n          <\/div>\n          <div class=\"h-column h-column-container d-flex h-col-lg-3 h-col-md-3 h-col-6 style-265-outer style-local-2-c14-outer\">\n            <div data-colibri-id=\"2-c14\" class=\"d-flex h-flex-basis h-column__inner h-px-lg-0 h-px-md-0 h-px-0 v-inner-lg-0 v-inner-md-0 v-inner-2 style-265 style-local-2-c14 position-relative\">\n              <!---->\n              <!---->\n              <div class=\"w-100 h-y-container h-column__content h-column__v-align flex-basis-100 align-self-lg-start align-self-md-start align-self-start\">\n                <!---->\n                <div data-colibri-id=\"2-c15\" class=\"h-icon style-266 style-local-2-c15 position-relative h-element\">\n                  <!----><span class=\"h-svg-icon h-icon__icon style-266-icon style-local-2-c15-icon\"><!--Icon by Font Awesome (https:\/\/fontawesome.com)-->\n    <svg version=\"1.1\" xmlns=\"http:\/\/www.w3.org\/2000\/svg\" xmlns:xlink=\"http:\/\/www.w3.org\/1999\/xlink\" id=\"folder\" viewBox=\"0 0 1664 1896.0833\">\n      <path d=\"M1664 608v704q0 92-66 158t-158 66H224q-92 0-158-66T0 1312V352q0-92 66-158t158-66h320q92 0 158 66t66 158v32h672q92 0 158 66t66 158z\"><\/path>\n    <\/svg><\/span><\/div>\n                <div data-colibri-id=\"2-c16\" class=\"h-global-transition-all h-heading style-267 style-local-2-c16 position-relative h-element\">\n                  <!---->\n                  <div class=\"h-heading__outer style-267 style-local-2-c16\">\n                    <!---->\n                    <!---->\n                    <h4 class=\"\">KOLTUK YIKAMA<\/h4>\n                  <\/div>\n                <\/div>\n              <\/div>\n            <\/div>\n          <\/div>\n          <div class=\"h-column h-column-container d-flex h-col-lg-3 h-col-md-3 h-col-6 style-265-outer style-local-2-c17-outer\">\n            <div data-colibri-id=\"2-c17\" class=\"d-flex h-flex-basis h-column__inner h-px-lg-0 h-px-md-0 h-px-0 v-inner-lg-0 v-inner-md-0 v-inner-2 style-265 style-local-2-c17 position-relative\">\n              <!---->\n              <!---->\n              <div class=\"w-100 h-y-container h-column__content h-column__v-align flex-basis-100 align-self-lg-start align-self-md-start align-self-start\">\n                <!---->\n                <div data-colibri-id=\"2-c18\" class=\"h-icon style-266 style-local-2-c18 position-relative h-element\">\n                  <!----><span class=\"h-svg-icon h-icon__icon style-266-icon style-local-2-c18-icon\"><!--Icon by Font Awesome (https:\/\/fontawesome.com)-->\n    <svg version=\"1.1\" xmlns=\"http:\/\/www.w3.org\/2000\/svg\" xmlns:xlink=\"http:\/\/www.w3.org\/1999\/xlink\" id=\"bed\" viewBox=\"0 0 2048 1896.0833\">\n      <path d=\"M256 1024h1728q26 0 45 19t19 45v448h-256v-256H256v256H0V320q0-26 19-45t45-19h128q26 0 45 19t19 45v704zm576-320q0-106-75-181t-181-75-181 75-75 181 75 181 181 75 181-75 75-181zm1216 256v-64q0-159-112.5-271.5T1664 512H960q-26 0-45 19t-19 45v384h1152z\"><\/path>\n    <\/svg><\/span><\/div>\n                <div data-colibri-id=\"2-c19\" class=\"h-global-transition-all h-heading style-267 style-local-2-c19 position-relative h-element\">\n                  <!---->\n                  <div class=\"h-heading__outer style-267 style-local-2-c19\">\n                    <!---->\n                    <!---->\n                    <h4 class=\"\">YATAK YIKAMA<\/h4>\n                  <\/div>\n                <\/div>\n              <\/div>\n            <\/div>\n          <\/div>\n          <div class=\"h-column h-column-container d-flex h-col-lg-3 h-col-md-3 h-col-6 style-265-outer style-local-2-c20-outer\">\n            <div data-colibri-id=\"2-c20\" class=\"d-flex h-flex-basis h-column__inner h-px-lg-0 h-px-md-0 h-px-0 v-inner-lg-0 v-inner-md-0 v-inner-2 style-265 style-local-2-c20 position-relative\">\n              <!---->\n              <!---->\n              <div class=\"w-100 h-y-container h-column__content h-column__v-align flex-basis-100 align-self-lg-start align-self-md-start align-self-start\">\n                <!---->\n                <div data-colibri-id=\"2-c21\" class=\"h-icon style-266 style-local-2-c21 position-relative h-element\">\n                  <!----><span class=\"h-svg-icon h-icon__icon style-266-icon style-local-2-c21-icon\"><!--Icon by Font Awesome (https:\/\/fontawesome.com)-->\n    <svg version=\"1.1\" xmlns=\"http:\/\/www.w3.org\/2000\/svg\" xmlns:xlink=\"http:\/\/www.w3.org\/1999\/xlink\" id=\"window-maximize\" viewBox=\"0 0 1792 1896.0833\">\n      <path d=\"M256 1408h1280V640H256v768zM1792 288v1216q0 66-47 113t-113 47H160q-66 0-113-47T0 1504V288q0-66 47-113t113-47h1472q66 0 113 47t47 113z\"><\/path>\n    <\/svg><\/span><\/div>\n                <div data-colibri-id=\"2-c22\" class=\"h-global-transition-all h-heading style-267 style-local-2-c22 position-relative h-element\">\n                  <!---->\n                  <div class=\"h-heading__outer style-267 style-local-2-c22\">\n                    <!---->\n                    <!---->\n                    <h4 class=\"\">PERDE YIKAMA<\/h4>\n                  <\/div>\n                <\/div>\n              <\/div>\n            <\/div>\n          <\/div>\n        <\/div>\n      <\/div>\n    <\/div>\n  <\/div>\n<\/div>","protected":false},"excerpt":{"rendered":"<p>HAKKIMIZDA &#8220;Her \u015fartta resmiyet&#8221; anlay\u0131\u015f\u0131n\u0131 benimsemi\u015f olan hal\u0131 y\u0131kama firmam\u0131z T\u00fcrkiye Cumhuriyeti devletinin &#8220;T\u00fcrk Ticaret Kanunu&#8217;nda&#8221; ge\u00e7en temizlik \u015firketleri ile ilgili t\u00fcm maddelerinde sa\u011flanmas\u0131 gereken \u015fartlar\u0131 haz\u0131r bulundurmaktad\u0131r. Bu kanunlara uyum sa\u011flamak hem i\u015fletmenin sa\u011fl\u0131\u011f\u0131 hem de hizmet verilen hanelerdeki vatanda\u015flar\u0131m\u0131z\u0131n sa\u011fl\u0131\u011f\u0131 a\u00e7\u0131s\u0131ndan \u00f6nemli kabul edilmektedir. Ailenizin ve sizin sa\u011fl\u0131\u011f\u0131n\u0131z i\u00e7in kay\u0131ts\u0131z ve &#8220;merdiven alt\u0131&#8221; [&hellip;]<\/p>\n","protected":false},"author":1,"featured_media":0,"parent":0,"menu_order":0,"comment_status":"closed","ping_status":"closed","template":"page-templates\/full-width-page.php","meta":{"footnotes":""},"class_list":["post-2","page","type-page","status-publish","hentry"],"_links":{"self":[{"href":"https:\/\/www.gokcehaliyikama.com.tr\/index.php\/wp-json\/wp\/v2\/pages\/2"}],"collection":[{"href":"https:\/\/www.gokcehaliyikama.com.tr\/index.php\/wp-json\/wp\/v2\/pages"}],"about":[{"href":"https:\/\/www.gokcehaliyikama.com.tr\/index.php\/wp-json\/wp\/v2\/types\/page"}],"author":[{"embeddable":true,"href":"https:\/\/www.gokcehaliyikama.com.tr\/index.php\/wp-json\/wp\/v2\/users\/1"}],"replies":[{"embeddable":true,"href":"https:\/\/www.gokcehaliyikama.com.tr\/index.php\/wp-json\/wp\/v2\/comments?post=2"}],"version-history":[{"count":7,"href":"https:\/\/www.gokcehaliyikama.com.tr\/index.php\/wp-json\/wp\/v2\/pages\/2\/revisions"}],"predecessor-version":[{"id":211,"href":"https:\/\/www.gokcehaliyikama.com.tr\/index.php\/wp-json\/wp\/v2\/pages\/2\/revisions\/211"}],"wp:attachment":[{"href":"https:\/\/www.gokcehaliyikama.com.tr\/index.php\/wp-json\/wp\/v2\/media?parent=2"}],"curies":[{"name":"wp","href":"https:\/\/api.w.org\/{rel}","templated":true}]}}